{"id":11,"date":"2011-08-23T22:12:41","date_gmt":"2011-08-23T22:12:41","guid":{"rendered":"https:\/\/2011.caguas.wordcamp.org\/?page_id=11"},"modified":"2011-10-20T03:38:28","modified_gmt":"2011-10-20T03:38:28","slug":"preguntas-frecuentes","status":"publish","type":"page","link":"https:\/\/caguas.wordcamp.org\/2011\/preguntas-frecuentes\/","title":{"rendered":"FAQ"},"content":{"rendered":"<p><strong>\u00bfCu\u00e1nto cuesta la entrada?<\/strong><\/p>\n<p>La entrada es un donativo de $10.00USD, si adquieres los boletos antes del 11 de noviembre y $15.00USD si lo adquieres al llegar personalmente al evento e incluye:<br \/>\nEntrada<br \/>\nCamiseta oficial<br \/>\n<em>Pizza Lunch<\/em><br \/>\nEstacionamiento<br \/>\nCertificado de participaci\u00f3n<\/p>\n<p>Este donativo que cubrir\u00e1 los costos del evento, excluyendo los servicios voluntarios de los organizadores y facilitadores. Cualquier excedente ser\u00e1 donado al<a href=\"http:\/\/wordpressfoundation.org\/\"> WordPress Foundation<\/a>.<\/p>\n<p><strong>\u00bfHay un recibo por la compra de mi boleto?<\/strong><\/p>\n<p>Al efectuar tu compra, recibir\u00e1s un recibo de PayPal y un email de parte de WordCamp Caguas 2011 que tebdr\u00e1 un enlace a una forma en la cual podr\u00e1s colocar y\/o cambiar la informaci\u00f3n sobre tu registro. Si recibes ambos emails, es que ya est\u00e1s registrado(a). De todas formas, en fechas cercanas al evento, te enviaremos una notificaci\u00f3n.<\/p>\n<p><strong>\u00bfDebo registrarme de antemano o puedo comprar la entrada\u00a0 el d\u00eda del evento?<\/strong><br \/>\nTe recomendamos que adquieras tus boletos en l\u00ednea tan pronto te sea posible, ya que tenemos espacios limitados y as\u00ed tambi\u00e9n nos ayudar\u00e1s a que nos planifiquemos mejor.<\/p>\n<p>C\u00f3mpralo <a title=\"Boletos\" href=\"https:\/\/2011.caguas.wordcamp.org\/boletos\/\">aqu\u00ed<\/a>.<\/p>\n<p>Adem\u00e1s recuerda que el d\u00eda del evento, los boletos se vender\u00e1n a $15.00<\/p>\n<p><strong>\u00bfPuedo comprar m\u00e1s de un boleto a la vez?<br \/>\n<\/strong>\u00a1Si! C\u00f3mpralo <a title=\"Boletos\" href=\"https:\/\/2011.caguas.wordcamp.org\/boletos\/\">aqu\u00ed<\/a>.<\/p>\n<p><strong>No pude comprar mi boleto en l\u00ednea. \u00bfQu\u00e9 hago?<\/strong><br \/>\nEnv\u00edanos un e-mail con tu tel\u00e9fono a:\u00a0 caguas@wordcamp.org y te ayudaremos<\/p>\n<p><strong>\u00bfTengo que coger todas las charlas de una misma ruta de temas?<\/strong><br \/>\nSi prefieres asistir a charlas en las tres rutas, \u00a1No hay problema!<br \/>\nSimplemente organizamos el evento de esta forma para que pueda<br \/>\ncubrir temas m\u00e1s espec\u00edficos y que sirva a personas con diferentes niveles de experiencia con WordPress. Lee m\u00e1s sobre esto <a title=\"Itinerario\" href=\"https:\/\/2011.caguas.wordcamp.org\/itinerario\/\">aqu\u00ed<\/a>.<\/p>\n<p><strong>No se nada de WordPress. \u00bfDebo asistir?<\/strong><br \/>\n\u00a1Por supuesto! Este evento ofrecer\u00e1 valiosa informaci\u00f3n a todos los niveles de experiencia con la plataforma. Te sorprender\u00e1 lo amigable que es WordPress. \u00a1Con raz\u00f3n es el CMS l\u00edder en el mundo!<\/p>\n<p><strong>Tengo preguntas espec\u00edficas acerca de mi blog y c\u00f3mo corre en WordPress. \u00bfMe pueden ayudar?<\/strong><br \/>\nSeguro. Env\u00edanos un e-mail con la situaci\u00f3n en cuesti\u00f3n y coordinaremos para que alguno de nuestros voluntari@s te ayude. No garantizamos soluciones pues depender\u00e1 de la naturaleza de la situaci\u00f3n, pero haremos lo mejor dentro de nuestras posibilidades.<\/p>\n<p><strong>\u00bfHay Parking?<\/strong><br \/>\nS\u00ed, hay suficiente. Recuerda traer el boleto contigo para poder validarlo como parte de tu donativo de entrada.<\/p>\n<p><strong>No como Pizza. \u00bfHay otras alternativas de almuerzo?<br \/>\n<\/strong>S\u00ed. En los alrededores del recinto hay varios restaurantes de comida r\u00e1pida.<strong><br \/>\n<\/strong><\/p>\n<p><strong>\u00bfQu\u00e9 ropa me pongo?<br \/>\n<\/strong>\u00a1Casual y c\u00f3moda! Mahones, tennis, la idea es que est\u00e9s comod@ y <em>relax<\/em>. Recuerda que recibir\u00e1s una camiseta con tu entrada que te daremos en la mesa de registro cuando llegues al evento.<\/p>\n<p><strong>Si tienes cualquier pregunta, escr\u00edbela en la forma a continuaci\u00f3n y la responderemos para el beneficio de tod@s.<br \/>\n<\/strong><\/p>\n","protected":false},"excerpt":{"rendered":"<p>\u00bfCu\u00e1nto cuesta la entrada? La entrada es un donativo de $10.00USD, si adquieres los boletos antes del 11 de noviembre y $15.00USD si lo adquieres al llegar personalmente al evento e incluye: Entrada Camiseta oficial Pizza Lunch Estacionamiento Certificado de &hellip; <a href=\"https:\/\/caguas.wordcamp.org\/2011\/preguntas-frecuentes\/\">Continue reading <span class=\"screen-reader-text\">FAQ<\/span>  <span class=\"meta-nav\">&rarr;<\/span><\/a><\/p>\n","protected":false},"author":7694169,"featured_media":0,"parent":0,"menu_order":7,"comment_status":"open","ping_status":"closed","template":"","meta":{"jetpack_post_was_ever_published":false,"footnotes":""},"class_list":["post-11","page","type-page","status-publish","hentry"],"jetpack_shortlink":"https:\/\/wp.me\/P1wS4x-b","jetpack_sharing_enabled":true,"_links":{"self":[{"href":"https:\/\/caguas.wordcamp.org\/2011\/wp-json\/wp\/v2\/pages\/11","targetHints":{"allow":["GET"]}}],"collection":[{"href":"https:\/\/caguas.wordcamp.org\/2011\/wp-json\/wp\/v2\/pages"}],"about":[{"href":"https:\/\/caguas.wordcamp.org\/2011\/wp-json\/wp\/v2\/types\/page"}],"author":[{"embeddable":true,"href":"https:\/\/caguas.wordcamp.org\/2011\/wp-json\/wp\/v2\/users\/7694169"}],"replies":[{"embeddable":true,"href":"https:\/\/caguas.wordcamp.org\/2011\/wp-json\/wp\/v2\/comments?post=11"}],"version-history":[{"count":13,"href":"https:\/\/caguas.wordcamp.org\/2011\/wp-json\/wp\/v2\/pages\/11\/revisions"}],"predecessor-version":[{"id":165,"href":"https:\/\/caguas.wordcamp.org\/2011\/wp-json\/wp\/v2\/pages\/11\/revisions\/165"}],"wp:attachment":[{"href":"https:\/\/caguas.wordcamp.org\/2011\/wp-json\/wp\/v2\/media?parent=11"}],"curies":[{"name":"wp","href":"https:\/\/api.w.org\/{rel}","templated":true}]}}