{"id":116,"date":"2011-09-22T03:02:12","date_gmt":"2011-09-22T03:02:12","guid":{"rendered":"https:\/\/2011.caguas.wordcamp.org\/?page_id=116"},"modified":"2011-09-25T15:56:27","modified_gmt":"2011-09-25T15:56:27","slug":"itinerario","status":"publish","type":"page","link":"https:\/\/caguas.wordcamp.org\/2011\/itinerario\/","title":{"rendered":"Itinerario"},"content":{"rendered":"<p>El <strong>WordCamp Caguas 2011<\/strong> se ha gestado con la idea de ofrecer tres posibles rutas de inter\u00e9s para los participantes; por lo tanto se han creado charlas pertinentes a:<\/p>\n<p><strong>Inter\u00e9s General y Administraci\u00f3n de Contenidos:<br \/>\n<\/strong>Si tu labor es redactar o moderar un blog o website, eres nuevo usando WordPress<strong>,<\/strong> o quieres explorar las posibilidades que la plataforma ofrece, este circuito de charlas puede resultarte muy\u00a0 provechoso.<strong><br \/>\nIdeal para:<\/strong> Escritores, periodistas, relacionistas profesionales, acad\u00e9micos, estudiantes, personas que se dedican a las ventas, el mercadeo, manejo de cuentas, instituciones sin fines de lucro\u00a0 y el p\u00fablico en general.<\/p>\n<p><a title=\"Inter\u00e9s General\/ Admn. Contenidos\" href=\"https:\/\/2011.caguas.wordcamp.org\/charlas\/interes-general-admn-contenidos\/\"><strong>Mira las charlas de esta ruta aqu\u00ed<\/strong><\/a><\/p>\n<p><strong> Artistas Gr\u00e1ficos<\/strong>:<br \/>\nSi lo tuyo es manejar la imagen y la est\u00e9tica de una marca, producto o instituci\u00f3n este circuito de charlas te abrir\u00e1 las puertas al mundo de posibilidades que ofrece WordPress ya sea para seleccionar dise\u00f1os gr\u00e1ficos que se adecuen a las necesidades de tu blog o sitio web o crearlos desde cero, tomando en consideraci\u00f3n las mejores pr\u00e1cticas del ambiente web.<br \/>\n<strong>Ideal para<\/strong>: Artistas gr\u00e1ficos, Web Developers, Directores Creativos, aficionados al arte digital, personas que quieran ajustar y\/o crear el aspecto visual de su site.<\/p>\n<p><a title=\"Dise\u00f1o Gr\u00e1fico\" href=\"https:\/\/2011.caguas.wordcamp.org\/charlas\/diseno-grafico\/\"><strong>Mira las charlas de esta ruta aqu\u00ed<\/strong><\/a><\/p>\n<p><strong>Programador@s:<\/strong><br \/>\nSi eres programador, programadora o tienes alg\u00fan tipo de experiencia creando o alterando la infraestructura de un sitio web, en este circuito de charlas podr\u00e1s conocer c\u00f3mo WordPress funciona t\u00e9cnicamente para ajustarlo a tus necesidades, instalar o crear funcionalidades derivadas.<br \/>\n<strong>Ideal para<\/strong>: Personal t\u00e9cnico, programador@s, ingenier@s de sistemas, personas que dominan conceptos de estructura de bases de datos y de programaci\u00f3n.<\/p>\n<p><a title=\"Programaci\u00f3n\" href=\"https:\/\/2011.caguas.wordcamp.org\/charlas\/programacion\/\"><strong>Mira las charlas de esta ruta aqu\u00ed<\/strong><\/a><\/p>\n<p>Si prefieres asistir a charlas en las tres rutas, \u00a1No hay problema!<br \/>\nsimplemente organizamos el evento de esta forma para que pueda<br \/>\ncubrir temas m\u00e1s espec\u00edficos y que sirva a personas con diferentes niveles de experiencia con WordPress.<\/p>\n<p><strong>Itinerario:<\/strong><br \/>\n8:30 am &#8211; Registro<br \/>\n9:00 am &#8211; 10:30 am-\u00a0 Plenaria con Panel de usarios en tres \u00e1mbitos: Academia, Empresa y Editorial (Anfiteatro Ignacio Morales Nieva)<br \/>\n10:30 am- 12:00 pm &#8211; Sesi\u00f3n Concurrente #1\u00a0 (Salones A, B, C Escuela de Empresarismo)<br \/>\n12:00 pm a 1:00 pm &#8211; Pizza Lunch (Inclu\u00eddo en el precio del boleto) y Networking<br \/>\n1:00 pm\u00a0 a 2:30pm &#8211;\u00a0 Sesi\u00f3n Concurrente #2\u00a0 (Salones A, B, C Escuela de Empresarismo)<br \/>\n2:30 a 4:00 &#8211; Sesi\u00f3n concurrente #3 (Salones A, B, C Escuela de Empresarismo)<br \/>\n4:00 a 4:30\u00a0 &#8211; Clausura (Anfiteatro Ignacio Morales Nieva<\/p>\n<p>&nbsp;<\/p>\n","protected":false},"excerpt":{"rendered":"<p>El WordCamp Caguas 2011 se ha gestado con la idea de ofrecer tres posibles rutas de inter\u00e9s para los participantes; por lo tanto se han creado charlas pertinentes a: Inter\u00e9s General y Administraci\u00f3n de Contenidos: Si tu labor es redactar &hellip; <a href=\"https:\/\/caguas.wordcamp.org\/2011\/itinerario\/\">Continue reading <span class=\"screen-reader-text\">Itinerario<\/span>  <span class=\"meta-nav\">&rarr;<\/span><\/a><\/p>\n","protected":false},"author":7694169,"featured_media":0,"parent":0,"menu_order":1,"comment_status":"open","ping_status":"open","template":"","meta":{"jetpack_post_was_ever_published":false,"footnotes":""},"class_list":["post-116","page","type-page","status-publish","hentry"],"jetpack_shortlink":"https:\/\/wp.me\/P1wS4x-1S","jetpack_sharing_enabled":true,"_links":{"self":[{"href":"https:\/\/caguas.wordcamp.org\/2011\/wp-json\/wp\/v2\/pages\/116","targetHints":{"allow":["GET"]}}],"collection":[{"href":"https:\/\/caguas.wordcamp.org\/2011\/wp-json\/wp\/v2\/pages"}],"about":[{"href":"https:\/\/caguas.wordcamp.org\/2011\/wp-json\/wp\/v2\/types\/page"}],"author":[{"embeddable":true,"href":"https:\/\/caguas.wordcamp.org\/2011\/wp-json\/wp\/v2\/users\/7694169"}],"replies":[{"embeddable":true,"href":"https:\/\/caguas.wordcamp.org\/2011\/wp-json\/wp\/v2\/comments?post=116"}],"version-history":[{"count":6,"href":"https:\/\/caguas.wordcamp.org\/2011\/wp-json\/wp\/v2\/pages\/116\/revisions"}],"predecessor-version":[{"id":187,"href":"https:\/\/caguas.wordcamp.org\/2011\/wp-json\/wp\/v2\/pages\/116\/revisions\/187"}],"wp:attachment":[{"href":"https:\/\/caguas.wordcamp.org\/2011\/wp-json\/wp\/v2\/media?parent=116"}],"curies":[{"name":"wp","href":"https:\/\/api.w.org\/{rel}","templated":true}]}}