{"id":125,"date":"2011-09-25T02:11:55","date_gmt":"2011-09-25T02:11:55","guid":{"rendered":"https:\/\/2011.caguas.wordcamp.org\/?page_id=125"},"modified":"2011-11-02T16:10:21","modified_gmt":"2011-11-02T16:10:21","slug":"charlas","status":"publish","type":"page","link":"https:\/\/caguas.wordcamp.org\/2011\/charlas\/","title":{"rendered":"Charlas"},"content":{"rendered":"<p>Estas son las charlas confirmadas hasta el momento. Visita el <a title=\"Itinerario\" href=\"https:\/\/2011.caguas.wordcamp.org\/itinerario\/\">itinerario<\/a> para conocer en detalle c\u00f3mo esta organizado el evento. Tendremos una sesi\u00f3n plenaria y 12 charlas concurrentes de las cuales podr\u00e1s escoger seg\u00fan tus temas de inter\u00e9s.<\/p>\n<p>Rutas:<br \/>\n<a title=\"Inter\u00e9s General\/ Admn. Contenidos\" href=\"https:\/\/2011.caguas.wordcamp.org\/charlas\/interes-general-admn-contenidos\/\">Inter\u00e9s general<\/a><br \/>\n<a href=\"https:\/\/2011.caguas.wordcamp.org\/charlas\/administracion-de-contenido\/\" target=\"_blank\">Administraci\u00f3n de Contenido<\/a><br \/>\n<a title=\"Dise\u00f1o Gr\u00e1fico\" href=\"https:\/\/2011.caguas.wordcamp.org\/charlas\/diseno-grafico\/\">Dise\u00f1o Gr\u00e1fico<\/a><br \/>\n<a title=\"Programaci\u00f3n\" href=\"https:\/\/2011.caguas.wordcamp.org\/charlas\/programacion\/\">Programaci\u00f3n<\/a><\/p>\n<p>&nbsp;<\/p>\n","protected":false},"excerpt":{"rendered":"<p>Estas son las charlas confirmadas hasta el momento. Visita el itinerario para conocer en detalle c\u00f3mo esta organizado el evento. Tendremos una sesi\u00f3n plenaria y 12 charlas concurrentes de las cuales podr\u00e1s escoger seg\u00fan tus temas de inter\u00e9s. Rutas: Inter\u00e9s &hellip; <a href=\"https:\/\/caguas.wordcamp.org\/2011\/charlas\/\">Continue reading <span class=\"screen-reader-text\">Charlas<\/span>  <span class=\"meta-nav\">&rarr;<\/span><\/a><\/p>\n","protected":false},"author":7694169,"featured_media":0,"parent":0,"menu_order":2,"comment_status":"open","ping_status":"open","template":"","meta":{"jetpack_post_was_ever_published":false,"footnotes":""},"class_list":["post-125","page","type-page","status-publish","hentry"],"jetpack_shortlink":"https:\/\/wp.me\/P1wS4x-21","jetpack_sharing_enabled":true,"_links":{"self":[{"href":"https:\/\/caguas.wordcamp.org\/2011\/wp-json\/wp\/v2\/pages\/125","targetHints":{"allow":["GET"]}}],"collection":[{"href":"https:\/\/caguas.wordcamp.org\/2011\/wp-json\/wp\/v2\/pages"}],"about":[{"href":"https:\/\/caguas.wordcamp.org\/2011\/wp-json\/wp\/v2\/types\/page"}],"author":[{"embeddable":true,"href":"https:\/\/caguas.wordcamp.org\/2011\/wp-json\/wp\/v2\/users\/7694169"}],"replies":[{"embeddable":true,"href":"https:\/\/caguas.wordcamp.org\/2011\/wp-json\/wp\/v2\/comments?post=125"}],"version-history":[{"count":7,"href":"https:\/\/caguas.wordcamp.org\/2011\/wp-json\/wp\/v2\/pages\/125\/revisions"}],"predecessor-version":[{"id":282,"href":"https:\/\/caguas.wordcamp.org\/2011\/wp-json\/wp\/v2\/pages\/125\/revisions\/282"}],"wp:attachment":[{"href":"https:\/\/caguas.wordcamp.org\/2011\/wp-json\/wp\/v2\/media?parent=125"}],"curies":[{"name":"wp","href":"https:\/\/api.w.org\/{rel}","templated":true}]}}