{"id":128,"date":"2011-09-25T02:37:10","date_gmt":"2011-09-25T02:37:10","guid":{"rendered":"https:\/\/2011.caguas.wordcamp.org\/?page_id=128"},"modified":"2011-10-15T23:21:28","modified_gmt":"2011-10-15T23:21:28","slug":"interes-general-admn-contenidos","status":"publish","type":"page","link":"https:\/\/caguas.wordcamp.org\/2011\/charlas\/interes-general-admn-contenidos\/","title":{"rendered":"Inter\u00e9s General"},"content":{"rendered":"<p><strong>Blog 101: el arte de bloguear<\/strong><\/p>\n<p>M\u00e1s y m\u00e1s personas alrededor del mundo est\u00e1n prefiriendo WordPress como la plataforma para\u00a0 dejarse sentir, informar y comunicar a otros informaci\u00f3n que les resulte interesante a trav\u00e9s de sus blogs.\u00a0 \u00bfPor qu\u00e9 debemos considerar un blog para comunicar? \u00bfC\u00f3mo podemos hacerlo? \u00bfQu\u00e9 esfuerzo implica? \u00bfC\u00f3mo WordPress te ayuda?\u00a0 Aprende qu\u00e9 consideraciones debes tener para crear y mantener un blog desde un punto de vista\u00a0 administrativo y editorial. Conoce casos de blogs locales e internacionales que te pueden servir de inspiraci\u00f3n.\u00a0 Si has estado pensando en hacer un blog, pero no sabes c\u00f3mo empezar, o tienes uno que &#8220;pisa y no arranca&#8221;, esta charla es para ti.<\/p>\n<p><strong> Sobre el Facilitador:\u00a0<\/strong><\/p>\n<p>Jos\u00e9 Hernandez Falc\u00f3n es un columnista pionero en temas de tecnolog\u00eda pionero en Puerto Rico. Es el fundador del Puerto Rico BloggerCon, un evento anual que re\u00fane a los principales blogueros y expertos de los medios sociales de Puerto Rico y el Caribe. Es comunicador de profesi\u00f3n, con m\u00e1s de 10 a\u00f1os de experiencia en medios digitales. Mantiene la secci\u00f3n sabatina del diario Primera Hora &#8220;Yo soy Blogger&#8221;, donde destaca blogs locales, adem\u00e1s de su propio blog \u201cChatman\u00eda 2.0\u201d en <a href=\"http:\/\/www.primerahora.com\/\" target=\"_blank\">www.primerahora.com<\/a>.<\/p>\n<p><strong><br \/>\nWordPress y el Autoempleo<\/strong><\/p>\n<p>Una reciente encuesta realizada por los creadores de WordPress\u00a0 logr\u00f3 identificar que un 63% de los participantes se autoemplean como desarrolladores de dicha plataforma\u00a0 y\/o tienen negocios desde su hogar utilizando\u00a0 la plataforma WordPress como su presencia principal\u00a0 en Internet. \u00bfEs WordPress una alternativa real para el autoempleo en Puerto Rico? \u00bfQu\u00e9 beneficios tiene utilizar esta plataforma para lanzar tu negocio desde el hogar en el Internet? \u00bfQu\u00e9 tipo de exposici\u00f3n y alcance te da esta plataforma y qu\u00e9 facilidad de uso tiene para ti? \u00bfC\u00f3mo puedes desarrollar un negocio creando p\u00e1ginas con WordPress para otras personas que desean alcance global en Internet?<\/p>\n<p><strong>Sobre la facilitadora: <\/strong><\/p>\n<p>Karmen Olmo es dise\u00f1adora de nuevos medios y artista pl\u00e1stica. Ha trabajado en web por m\u00e1s de 10 a\u00f1os y ha usado WordPress desde el 2009. Trabaja desde su hogar y asesora a otras personas a c\u00f3mo tambi\u00e9n puede laborar desde sus hogares. Su plataforma central como medio de exposici\u00f3n global es WordPress tanto para su estudio de dise\u00f1o como para sus otras fuentes de ingreso.\u00a0 Actualmente ofrece talleres grupales y personalizados de WordPress. Su pasi\u00f3n es promover el empresarismo, la creatividad y los negocios desde el hogar. Recientemente cre\u00f3 <a href=\"http:\/\/CreativoEmpresarial.com\" target=\"_blank\">CreativoEmpresarial.com<\/a>,\u00a0 con WordPress, por supuesto.\u00a0 Su blog personal es <a href=\"http:\/\/KarmenOlmo.com\" target=\"_blank\">KarmenOlmo.com<\/a><\/p>\n<p><strong>WordPress\u00a0+\u00a0Podcasts = Educaci\u00f3n 2.0<\/strong><\/p>\n<p>Los\u00a0<em> blogs<\/em> y <em>podcasts<\/em> son herramientas tecnol\u00f3gicas que facilitan y fortalecen las destrezas en el aprendizaje.\u00a0 WordPress facilita incluir contenido en texto y audiovisual en los blogs educativos o \u201cedublogs\u201d, que \u00a0fomentan la creatividad, el pensamiento cr\u00edtico\u00a0\u00a0y una din\u00e1mica de colaboraci\u00f3n entre los estudiantes. \u00a0El <em>podcast<\/em> desarrolla un alto impacto dentro y fuera del sal\u00f3n, y le brinda a los estudiantes \u00a0una herramienta que permite un aprendizaje que rompe las barreras de lugar (port\u00e1til) y tiempo (horario disponible ).\u00a0 En esta charla, conocer\u00e1s c\u00f3mo crear un <em>podcast<\/em> y hacerlo disponible en tu site de WordPress, mediante RSS Feeds, y en iTunes.<\/p>\n<p><strong>Sobre las facilitadoras:<\/strong><\/p>\n<p>La Profa. Annelis Rivera M\u00e1rquez posee una\u00a0\u00a0Maestr\u00eda en Tecnolog\u00eda Educativa. Colabora como <em>webcaster<\/em> en la radio web de \u201c<a href=\"http:\/\/puentesalmundo.net\/\" target=\"_blank\">Puentes al Mundo<\/a>\u201d dirigido a maestros en varios paises. Adem\u00e1s ofrece talleres de <em>podcasting<\/em> y de otras herramientas tecnol\u00f3gicas . Actualmente ejerce como Ayudante de la Rectora del Colegio Universitario de San Juan.<\/p>\n<p>La Profa. Jeanette Delgado Nazario es maestra del Departamento de Educaci\u00f3n y fundadora de la Red EducaPR (<a href=\"http:\/\/www.educapr.org\/\" target=\"_blank\">www.educapr.org<\/a>) , organizaci\u00f3n que promueve el uso de la tecnolog\u00eda entre maestros de todos los niveles a trav\u00e9s de actividades, talleres, \u00a0y de\u00a0 una robusto portal de Internet donde \u00a0comparten un caudal de recursos educativos.<\/p>\n","protected":false},"excerpt":{"rendered":"<p>Blog 101: el arte de bloguear M\u00e1s y m\u00e1s personas alrededor del mundo est\u00e1n prefiriendo WordPress como la plataforma para\u00a0 dejarse sentir, informar y comunicar a otros informaci\u00f3n que les resulte interesante a trav\u00e9s de sus blogs.\u00a0 \u00bfPor qu\u00e9 debemos &hellip; <a href=\"https:\/\/caguas.wordcamp.org\/2011\/charlas\/interes-general-admn-contenidos\/\">Continue reading <span class=\"screen-reader-text\">Inter\u00e9s General<\/span>  <span class=\"meta-nav\">&rarr;<\/span><\/a><\/p>\n","protected":false},"author":7694169,"featured_media":0,"parent":125,"menu_order":0,"comment_status":"open","ping_status":"open","template":"","meta":{"jetpack_post_was_ever_published":false,"footnotes":""},"class_list":["post-128","page","type-page","status-publish","hentry"],"jetpack_shortlink":"https:\/\/wp.me\/P1wS4x-24","jetpack_sharing_enabled":true,"_links":{"self":[{"href":"https:\/\/caguas.wordcamp.org\/2011\/wp-json\/wp\/v2\/pages\/128","targetHints":{"allow":["GET"]}}],"collection":[{"href":"https:\/\/caguas.wordcamp.org\/2011\/wp-json\/wp\/v2\/pages"}],"about":[{"href":"https:\/\/caguas.wordcamp.org\/2011\/wp-json\/wp\/v2\/types\/page"}],"author":[{"embeddable":true,"href":"https:\/\/caguas.wordcamp.org\/2011\/wp-json\/wp\/v2\/users\/7694169"}],"replies":[{"embeddable":true,"href":"https:\/\/caguas.wordcamp.org\/2011\/wp-json\/wp\/v2\/comments?post=128"}],"version-history":[{"count":7,"href":"https:\/\/caguas.wordcamp.org\/2011\/wp-json\/wp\/v2\/pages\/128\/revisions"}],"predecessor-version":[{"id":131,"href":"https:\/\/caguas.wordcamp.org\/2011\/wp-json\/wp\/v2\/pages\/128\/revisions\/131"}],"up":[{"embeddable":true,"href":"https:\/\/caguas.wordcamp.org\/2011\/wp-json\/wp\/v2\/pages\/125"}],"wp:attachment":[{"href":"https:\/\/caguas.wordcamp.org\/2011\/wp-json\/wp\/v2\/media?parent=128"}],"curies":[{"name":"wp","href":"https:\/\/api.w.org\/{rel}","templated":true}]}}