{"id":137,"date":"2011-09-25T03:14:27","date_gmt":"2011-09-25T03:14:27","guid":{"rendered":"https:\/\/2011.caguas.wordcamp.org\/?page_id=137"},"modified":"2011-10-14T00:48:19","modified_gmt":"2011-10-14T00:48:19","slug":"diseno-grafico","status":"publish","type":"page","link":"https:\/\/caguas.wordcamp.org\/2011\/charlas\/diseno-grafico\/","title":{"rendered":"Dise\u00f1o Gr\u00e1fico"},"content":{"rendered":"<p><strong><em>CSS survival kit for WordPress Beginners<\/em>: Aprende a ajustar el dise\u00f1o gr\u00e1fico de tu WordPress site<\/strong><\/p>\n<p>Conoce qu\u00e9 herramientas tienes a tu disposici\u00f3n para ayudarte a manipular la hoja de estilos (CSS) de tu blog o site\u00a0 hecho en WordPress, desde cualquier lugar, con tan s\u00f3lo tu navegador, WordPress y una que otra cosita adicional. Esta charla est\u00e1 enfocada a usuarios que quieren aprender a hacer ajustes a los <em>themes<\/em> (templates) de WordPress o que desean aprender los conceptos b\u00e1sicos para crear sus propios dise\u00f1os.<\/p>\n<p><strong>Sobre el Facilitador:<\/strong><\/p>\n<p>Alan Rodr\u00edguez es Senior <em>Web Developer<\/em> para <a href=\"http:\/\/bppr.com\" target=\"_blank\">Banco Popular de Puerto Rico<\/a> y uno de los fundadores de<a href=\"http:\/\/www.dgtallika.com\" target=\"_blank\"> www.dgtallika.com<\/a> un blog de tecnolog\u00eda (por supuesto hecho en WordPress) en espa\u00f1ol enfocado en tutoriales y gu\u00edas para ayudar a sus visitantes a sacar el mejor provecho de los equipos y <em>gadgets<\/em> que poseen, ademas es usuario de WordPress desde el 2008.<\/p>\n<p><strong>La Anatom\u00eda de un WordPress Theme<\/strong><\/p>\n<p>\u00bfPor d\u00f3nde debes empezar si deseas crear una imagen gr\u00e1fica a las medidas de tus necesidades para tu sitio de WordPress? <strong><\/strong>\u00bfQu\u00e9 elementos y espacios se deben tomar en consideraci\u00f3n? Aprende c\u00f3mo puedes convertir tu dise\u00f1o desde un PSD plano a uno dise\u00f1o funcional en WordPress.<br \/>\n<strong><br \/>\nSobre el facilitador:<\/strong>\u00a0 James Lynn es profesor en la <a href=\"http:\/\/dise\u00f1o.ut.pr\/\">Escuela Internacional de Dise\u00f1o de la Universidad del Turabo<\/a>, es dise\u00f1ador gr\u00e1fico, animador de 3D, fot\u00f3grafo, vide\u00f3grafo,\u00a0 artista multimedia y de los pioneros en el desarrollo de sitios web en Puerto Rico.\u00a0 Utiliza WordPress dede 2007. Participa activamente de organizaciones relacionadas a la industria de la tecnolog\u00eda incluyendo la RedEducapr, Internet Society y el Interactive Advertising Bureau,\u00a0 entre otras.<\/p>\n<p><strong>El arte de seleccionar un &#8220;theme&#8221;: de la planificaci\u00f3n a la ejecuci\u00f3n<\/strong><\/p>\n<p>Los &#8220;themes&#8221; son plantillas o &#8220;templates&#8221; con algunas caracter\u00edsticas ajustables que se pueden adquirir de forma gratuita o a trav\u00e9s de tiendas en l\u00ednea que ofrecen infinidad de dise\u00f1os. \u00bfC\u00f3mo puedes integrar la selecci\u00f3n del &#8220;theme&#8221; al proceso de planificaci\u00f3n de tu p\u00e1gina? \u00bfQu\u00e9 aspectos debes tomar en consideraci\u00f3n para seleccionar un &#8220;theme&#8221; del sitio que est\u00e9s trabajando? \u00bfC\u00f3mo se selecciona un &#8220;theme&#8221; y c\u00f3mo se descarga e\u00a0 instala?\u00a0 \u00bfCu\u00e1nto de un &#8220;theme&#8221; puede ser ajustado? \u00bfCu\u00e1n flexible son realmente?<\/p>\n<p><strong>Sobre el facilitador:<\/strong><\/p>\n<p>Daniel Bola\u00f1os se desempe\u00f1a como &#8220;Senior Web Designer&#8221; en la divisi\u00f3n de E-Channel de Banco Popular, donde realiza trabajos de dise\u00f1o gr\u00e1fico para la p\u00e1gina web Popular.com, una de las m\u00e1s visitadas en Puerto Rico. Anteriormente, se desempe\u00f1\u00f3 como dise\u00f1ador gr\u00e1fico para Verizon Informational Services (SuperpagesPR.com) y como director creativo y dise\u00f1ador multimedios para America Online (AOL Puerto Rico).\u00a0 Posee un bachillerato en artes de la Universidad Interamericana y ha tomado cursos especializados en animaci\u00f3n y dise\u00f1o gr\u00e1fico en New England School of Art Design y Northeastern University en Boston. Ha sido usuario de la plataforma WordPress desde el 2008.<\/p>\n","protected":false},"excerpt":{"rendered":"<p>CSS survival kit for WordPress Beginners: Aprende a ajustar el dise\u00f1o gr\u00e1fico de tu WordPress site Conoce qu\u00e9 herramientas tienes a tu disposici\u00f3n para ayudarte a manipular la hoja de estilos (CSS) de tu blog o site\u00a0 hecho en WordPress, &hellip; <a href=\"https:\/\/caguas.wordcamp.org\/2011\/charlas\/diseno-grafico\/\">Continue reading <span class=\"screen-reader-text\">Dise\u00f1o Gr\u00e1fico<\/span>  <span class=\"meta-nav\">&rarr;<\/span><\/a><\/p>\n","protected":false},"author":7694169,"featured_media":0,"parent":125,"menu_order":0,"comment_status":"open","ping_status":"open","template":"","meta":{"jetpack_post_was_ever_published":false,"footnotes":""},"class_list":["post-137","page","type-page","status-publish","hentry"],"jetpack_shortlink":"https:\/\/wp.me\/P1wS4x-2d","jetpack_sharing_enabled":true,"_links":{"self":[{"href":"https:\/\/caguas.wordcamp.org\/2011\/wp-json\/wp\/v2\/pages\/137","targetHints":{"allow":["GET"]}}],"collection":[{"href":"https:\/\/caguas.wordcamp.org\/2011\/wp-json\/wp\/v2\/pages"}],"about":[{"href":"https:\/\/caguas.wordcamp.org\/2011\/wp-json\/wp\/v2\/types\/page"}],"author":[{"embeddable":true,"href":"https:\/\/caguas.wordcamp.org\/2011\/wp-json\/wp\/v2\/users\/7694169"}],"replies":[{"embeddable":true,"href":"https:\/\/caguas.wordcamp.org\/2011\/wp-json\/wp\/v2\/comments?post=137"}],"version-history":[{"count":6,"href":"https:\/\/caguas.wordcamp.org\/2011\/wp-json\/wp\/v2\/pages\/137\/revisions"}],"predecessor-version":[{"id":144,"href":"https:\/\/caguas.wordcamp.org\/2011\/wp-json\/wp\/v2\/pages\/137\/revisions\/144"}],"up":[{"embeddable":true,"href":"https:\/\/caguas.wordcamp.org\/2011\/wp-json\/wp\/v2\/pages\/125"}],"wp:attachment":[{"href":"https:\/\/caguas.wordcamp.org\/2011\/wp-json\/wp\/v2\/media?parent=137"}],"curies":[{"name":"wp","href":"https:\/\/api.w.org\/{rel}","templated":true}]}}