{"id":139,"date":"2011-09-25T03:02:38","date_gmt":"2011-09-25T03:02:38","guid":{"rendered":"https:\/\/2011.caguas.wordcamp.org\/?page_id=139"},"modified":"2011-10-04T16:44:29","modified_gmt":"2011-10-04T16:44:29","slug":"programacion","status":"publish","type":"page","link":"https:\/\/caguas.wordcamp.org\/2011\/charlas\/programacion\/","title":{"rendered":"Programaci\u00f3n"},"content":{"rendered":"<p><strong>C\u00f3mo crear tus propios plugins o modificarlos seg\u00fan tus necesidades<\/strong><\/p>\n<p>Uno de los factores principales a los que se atribuye el gran crecimiento de WordPress\u00a0 como plataforma , es su amplia colecci\u00f3n de <em>Plugins<\/em>, o herramientas que expanden los atributos b\u00e1sicos de WordPress a funciones espec\u00edficas. En este taller, aprender\u00e1s los conceptos b\u00e1sicos para dise\u00f1ar y crear tus propios <em>plugins<\/em>. De igual forma, aprender\u00e1s a ajustar <em>plugins<\/em> existentes de acuerdo a tus necesidades. Todo esto se logra utilizando programaci\u00f3n en lenguaje PHP y dej\u00e1ndose llevar por la documentaci\u00f3n que WordPress ofrece en su repositorio de gu\u00edas de uso, conocido como <a href=\"http:\/\/codex.wordpress.org\/\" target=\"_blank\">Codex<\/a>.<\/p>\n<p><strong>Sobre el facilitador:<\/strong><\/p>\n<p>Ricardo Alcocer es fundador de <a href=\"http:\/\/tecnologialibre.com\" target=\"_blank\">Tecnolog\u00eda Libre<\/a>, director de INTELICA y co-fundador de <a href=\"http:\/\/gettainoapp.com\" target=\"_blank\">TainoApp<\/a>.\u00a0 Trabaja con WordPress desde el 2006 y es profesor de PHP y MySQL en <a href=\"http:\/\/intelica.tecnologialibre.com\/es\" target=\"_blank\">INTELICA<\/a> y la <a href=\"http:\/\/www.pupr.edu\/\" target=\"_blank\">Universidad Polit\u00e9cnica de Puerto Rico<\/a>.<\/p>\n<p><strong><br \/>\nConoce la arquitectura interna de WordPress<\/strong><\/p>\n<div>\n<p>La base de datos de WordPress corre en el motor de bases de datos <a href=\"http:\/\/es.wikipedia.org\/wiki\/MySQL\" target=\"_blank\">MySQL<\/a>.\u00a0 La instalaci\u00f3n original consta de 11 tablas relacionadas.\u00a0 En este taller conocer\u00e1s en profundidad c\u00f3mo se relacionan estas tablas y c\u00f3mo se organiza la data.\u00a0 Tambi\u00e9n habr\u00e1 una introducci\u00f3n de las funciones nativas de WordPress para accesar estos objetos en la base de datos.\u00a0 Si quieres aprender a c\u00f3mo interactuar con la data de WordPress, o quieres crear tus propios plug-ins, este taller es para ti.<\/p>\n<\/div>\n<p><strong>Sobre el facilitador: <\/strong><\/p>\n<p>Miguel Gand\u00eda es Gerente del Departamento de Programaci\u00f3n en <a href=\"http:\/\/bcposgroup.com\/\" target=\"_blank\">Business Computer POS<\/a>.\u00a0 Trabaja con WordPress desde hace 2 a\u00f1os.\u00a0 Es el creador de <a href=\"http:\/\/boriken365.com\/\" target=\"_blank\">http:\/\/boriken365.com<\/a> y su App para Android el cual utiliza &#8220;web services&#8221; que se comunican directamente con WordPress.<\/p>\n<p><strong>Transforma el Dashboard de tu WordPress seg\u00fan tus necesidades (\u00a1Incluyendo el convertirlo en una herramienta de CRM!) <\/strong><\/p>\n<p>El Dashboard o panel de control de WordPress puede ser ajustado seg\u00fan las necesidades que puedas tener. Desde personalizarlo con logos, eliminar \u00e1reas que no ser\u00e1n utilizadas una vez el sitio sea implementado, hasta limitar los accesos a los administradores, entre otas. Te diremos c\u00f3mo hacerlo. En esta charla tambi\u00e9n aprender\u00e1s a transformar tu instalaci\u00f3n de WordPress en un CRM (Content Relationship Manager) para el manejo de la informaci\u00f3n de contacto de tus clientes (o cualquier tipo de inventario de personas), enviar facturas y tener un calendario de citas. En fin, todo lo que necesitas para manejar tu negocio de WebDevelopment. Esta charla est\u00e1 en la ruta de programaci\u00f3n porque envuelve la utilizaci\u00f3n de plugins. Si no eres programador(a), pero te sientes c\u00f3modo(a) instalando plugins, podr\u00e1s aprovecharla al m\u00e1ximo.<\/p>\n<p><strong>Sobre el Facilitador: <\/strong><\/p>\n<p>Luis Rivera Colon se ha dedicado al marketing por Internet por los 8 a\u00f1os a trav\u00e9s de su firma, <a href=\"http:\/\/webdesignpuertorico.com\/\" target=\"_blank\">webdesignpuertorico.com<\/a>. Tiene amplia experiencia en desarrollo de p\u00e1ginas web, creaci\u00f3n de productos de informaci\u00f3n, afiliados, SEO, Social Media y tr\u00e1fico web. Mantiene el portal especializado en Marketing, <a href=\"http:\/\/internetesnegocios.com\/\" target=\"_blank\">http:\/\/internetesnegocios.com<\/a> y es autor de: &#8220;Tu Negocio en Internet Paso a Paso:\u00a0 Gu\u00eda pr\u00e1ctica para mercadear cualquier negocio en Internet y obtener resultados&#8221;.<\/p>\n","protected":false},"excerpt":{"rendered":"<p>C\u00f3mo crear tus propios plugins o modificarlos seg\u00fan tus necesidades Uno de los factores principales a los que se atribuye el gran crecimiento de WordPress\u00a0 como plataforma , es su amplia colecci\u00f3n de Plugins, o herramientas que expanden los atributos &hellip; <a href=\"https:\/\/caguas.wordcamp.org\/2011\/charlas\/programacion\/\">Continue reading <span class=\"screen-reader-text\">Programaci\u00f3n<\/span>  <span class=\"meta-nav\">&rarr;<\/span><\/a><\/p>\n","protected":false},"author":7694169,"featured_media":0,"parent":125,"menu_order":0,"comment_status":"open","ping_status":"open","template":"","meta":{"jetpack_post_was_ever_published":false,"footnotes":""},"class_list":["post-139","page","type-page","status-publish","hentry"],"jetpack_shortlink":"https:\/\/wp.me\/P1wS4x-2f","jetpack_sharing_enabled":true,"_links":{"self":[{"href":"https:\/\/caguas.wordcamp.org\/2011\/wp-json\/wp\/v2\/pages\/139","targetHints":{"allow":["GET"]}}],"collection":[{"href":"https:\/\/caguas.wordcamp.org\/2011\/wp-json\/wp\/v2\/pages"}],"about":[{"href":"https:\/\/caguas.wordcamp.org\/2011\/wp-json\/wp\/v2\/types\/page"}],"author":[{"embeddable":true,"href":"https:\/\/caguas.wordcamp.org\/2011\/wp-json\/wp\/v2\/users\/7694169"}],"replies":[{"embeddable":true,"href":"https:\/\/caguas.wordcamp.org\/2011\/wp-json\/wp\/v2\/comments?post=139"}],"version-history":[{"count":5,"href":"https:\/\/caguas.wordcamp.org\/2011\/wp-json\/wp\/v2\/pages\/139\/revisions"}],"predecessor-version":[{"id":141,"href":"https:\/\/caguas.wordcamp.org\/2011\/wp-json\/wp\/v2\/pages\/139\/revisions\/141"}],"up":[{"embeddable":true,"href":"https:\/\/caguas.wordcamp.org\/2011\/wp-json\/wp\/v2\/pages\/125"}],"wp:attachment":[{"href":"https:\/\/caguas.wordcamp.org\/2011\/wp-json\/wp\/v2\/media?parent=139"}],"curies":[{"name":"wp","href":"https:\/\/api.w.org\/{rel}","templated":true}]}}