{"id":151,"date":"2011-09-25T05:20:10","date_gmt":"2011-09-25T05:20:10","guid":{"rendered":"https:\/\/2011.caguas.wordcamp.org\/?page_id=151"},"modified":"2011-09-25T15:59:16","modified_gmt":"2011-09-25T15:59:16","slug":"lugar","status":"publish","type":"page","link":"https:\/\/caguas.wordcamp.org\/2011\/lugar\/","title":{"rendered":"Lugar"},"content":{"rendered":"<p>El Word Camp Caguas 2011 se llevar\u00e1 a cabo el s\u00e1bado 12 de noviembre en la\u00a0 Facultad de Administraci\u00f3n de Empresas de la <a href=\"http:\/\/www.suagm.edu\/turabo\/\" target=\"_blank\">Universidad del Turabo<\/a>.<\/p>\n<p>El Recinto de la Universidad del Turabo<br \/>\nubica en la Carretera 189 Km 3.3, Gurabo. <a href=\"https:\/\/2011.caguas.wordcamp.org\/files\/2011\/09\/MAPA.png\"><img loading=\"lazy\" decoding=\"async\" class=\"alignright size-full wp-image-152\" title=\"MAPA\" src=\"https:\/\/2011.caguas.wordcamp.org\/files\/2011\/09\/MAPA.png\" alt=\"\" width=\"300\" height=\"218\" \/><\/a><\/p>\n<p><strong>Desde San Juan:<\/strong><br \/>\nTomar Expreso Las Am\u00e9ricas en direcci\u00f3n a Caguas.<\/p>\n<p>Cuando divises el peaje de Caguas, mantente en el carril derecho, para tomar la salida que queda inmediatamente despu\u00e9s del peaje.<\/p>\n<p>Mantente en la Carr. #1, y sigue los letreros que leen &#8220;Caguas\/Gurabo&#8221; hasta llegar al Expreso Cruz Ortiz Stella (En direcci\u00f3n a Juncos).<\/p>\n<p>Luego de pasar a la derecha Plaza Centro (Sams, JC Penney, Walmart), tomar la segunda salida a mano derecha.\u00a0 Inmediatamente ver\u00e1s un puente a tu mano izquierda y un McDonald&#8217;s a tu mano derecha. Luego del sem\u00e1foro, ver\u00e1s la entrada al recinto a tu mano izquierda.<\/p>\n<p><strong>Al llegar:<\/strong><\/p>\n<p>Identif\u00edcate con el guardia y explica que vienes<br \/>\nal WordCamp Caguas 2011. <a href=\"https:\/\/2011.caguas.wordcamp.org\/files\/2011\/09\/ignacio_morales_nieva.jpg\"><img loading=\"lazy\" decoding=\"async\" class=\"alignright size-full wp-image-153\" title=\"ignacio_morales_nieva\" src=\"https:\/\/2011.caguas.wordcamp.org\/files\/2011\/09\/ignacio_morales_nieva.jpg\" alt=\"\" width=\"335\" height=\"219\" \/><\/a><br \/>\nMantente en el segundo carril de izquierda a derecha, hasta que pases las bayas de la primera entrada y tomes tu boleto de estacionamiento, que ser\u00e1 validado como parte de tu entrada al evento<br \/>\n( recuerda traerlo contigo).<\/p>\n<p>Inmediatamente, dobla a mano derecha y pasa el brazo mec\u00e1nico. Contin\u00faa por esa carretera, hasta que veas el estacionamiento H a tu derecha, la facultad\u00a0 y el Anfiteatro Ignacio Morales Nieva a la izquierda.<\/p>\n<p>\u00a1Te esperamos!<\/p>\n<p>&nbsp;<\/p>\n","protected":false},"excerpt":{"rendered":"<p>El Word Camp Caguas 2011 se llevar\u00e1 a cabo el s\u00e1bado 12 de noviembre en la\u00a0 Facultad de Administraci\u00f3n de Empresas de la Universidad del Turabo. El Recinto de la Universidad del Turabo ubica en la Carretera 189 Km 3.3, &hellip; <a href=\"https:\/\/caguas.wordcamp.org\/2011\/lugar\/\">Continue reading <span class=\"screen-reader-text\">Lugar<\/span>  <span class=\"meta-nav\">&rarr;<\/span><\/a><\/p>\n","protected":false},"author":7694169,"featured_media":0,"parent":0,"menu_order":4,"comment_status":"open","ping_status":"open","template":"","meta":{"jetpack_post_was_ever_published":false,"footnotes":""},"class_list":["post-151","page","type-page","status-publish","hentry"],"jetpack_shortlink":"https:\/\/wp.me\/P1wS4x-2r","jetpack_sharing_enabled":true,"_links":{"self":[{"href":"https:\/\/caguas.wordcamp.org\/2011\/wp-json\/wp\/v2\/pages\/151","targetHints":{"allow":["GET"]}}],"collection":[{"href":"https:\/\/caguas.wordcamp.org\/2011\/wp-json\/wp\/v2\/pages"}],"about":[{"href":"https:\/\/caguas.wordcamp.org\/2011\/wp-json\/wp\/v2\/types\/page"}],"author":[{"embeddable":true,"href":"https:\/\/caguas.wordcamp.org\/2011\/wp-json\/wp\/v2\/users\/7694169"}],"replies":[{"embeddable":true,"href":"https:\/\/caguas.wordcamp.org\/2011\/wp-json\/wp\/v2\/comments?post=151"}],"version-history":[{"count":3,"href":"https:\/\/caguas.wordcamp.org\/2011\/wp-json\/wp\/v2\/pages\/151\/revisions"}],"predecessor-version":[{"id":190,"href":"https:\/\/caguas.wordcamp.org\/2011\/wp-json\/wp\/v2\/pages\/151\/revisions\/190"}],"wp:attachment":[{"href":"https:\/\/caguas.wordcamp.org\/2011\/wp-json\/wp\/v2\/media?parent=151"}],"curies":[{"name":"wp","href":"https:\/\/api.w.org\/{rel}","templated":true}]}}