{"id":2,"date":"2011-04-28T14:13:50","date_gmt":"2011-04-28T14:13:50","guid":{"rendered":"http:\/\/2011-caguas.wordcamp.org\/?page_id=2"},"modified":"2011-09-27T02:40:24","modified_gmt":"2011-09-27T02:40:24","slug":"que-es-wordpress","status":"publish","type":"page","link":"https:\/\/caguas.wordcamp.org\/2011\/que-es-wordpress\/","title":{"rendered":"\u00bfQu\u00e9 es WordPress?"},"content":{"rendered":"<p><a href=\"https:\/\/2011.caguas.wordcamp.org\/files\/2011\/04\/WordPress-Logo.png\"><img loading=\"lazy\" decoding=\"async\" class=\"alignleft size-medium wp-image-32\" title=\"WordPress Logo\" src=\"https:\/\/2011.caguas.wordcamp.org\/files\/2011\/04\/WordPress-Logo-300x214.png\" alt=\"\" width=\"300\" height=\"214\" srcset=\"https:\/\/caguas.wordcamp.org\/2011\/files\/2011\/04\/WordPress-Logo-300x214.png 300w, https:\/\/caguas.wordcamp.org\/2011\/files\/2011\/04\/WordPress-Logo.png 700w\" sizes=\"auto, (max-width: 300px) 100vw, 300px\" \/><\/a><a href=\"http:\/\/wordpress.org\/\" target=\"_blank\">WordPress <\/a>es un software, gratis, de c\u00f3digo abierto, que puedes utilizar para crear sitios webs y blogs.<\/p>\n<p><strong>Un poco de historia<\/strong><\/p>\n<p>Comenz\u00f3 en el 2003 como un sitio web para crear y administrar blogs personales. Al ser un proyecto <a href=\"http:\/\/www.opensource.org\/\" target=\"_blank\">Open Source<\/a>, logr\u00f3 que cientos de personas alrededor del mundo contribuyeran a su desarrollo y evoluci\u00f3n. As\u00ed pas\u00f3 a ser un sistema de gesti\u00f3n de contenidos completo que es usado por m\u00e1s de 25 millones de personas alrededor del mundo tanto para blogs personales como para sitios web corporativos, tiendas virtuales, directorios y clasificados.<\/p>\n<p>WordPress cuenta con m\u00e1s de 19,000 complementos o <em>plugins<\/em> que aportan variadas funciones espec\u00edficas que se puedan necesitar para a\u00f1adir mayores funcionalidades a la instalaci\u00f3n b\u00e1sica del programa. Los <em>plug-ins<\/em> son desarrollados y mantenidos por una\u00a0 enorme comunidad de programadores independientes que los s ofrecen de forma gratuita o como un producto comercial.<\/p>\n<p><strong>\u00bfC\u00f3mo te ayuda?<\/strong><\/p>\n<p>WordPress incluye una gran cantidad de funcionalidades que permiten, entre otras cosas, ahorrar tiempo al momento de componer contenido. Tiene un editor que puede ser manejado por personal no t\u00e9cnico, la capacidad de otorgar distintos permisos de acceso a las diferentes personas que participen en la actualizaci\u00f3n del sitio, y la posibilidad de crear p\u00e1ginas est\u00e1ticas y otras que se agrupan conforme la fecha en que fueron creadas as\u00ed como un potente motor de categorizaci\u00f3n y sub-categorizaci\u00f3n.<\/p>\n<p>El aspecto gr\u00e1fico de los sitios de WordPress se crean desde cero seg\u00fan las necesidades que se tengan o se puede adecuar plantillas o &#8220;themes&#8221; que est\u00e1n disponibles de forma gratuita o a la venta en cientos de estudios de dise\u00f1o virtuales a trav\u00e9s de Internet.<\/p>\n<p>Los sitios de WordPress se pueden alojar de forma gratuita en<a href=\"http:\/\/wordpress.org\"> WordPress.com<\/a> o se pueden descargar en <a href=\"http:\/\/wordpress.com\">WordPress.org<\/a> para ser ajustados y colocados en un <em>hosting<\/em> privado.<\/p>\n<p>Si deseas conocer m\u00e1s sobre WordPress, oprime <a href=\"http:\/\/es.wikipedia.org\/wiki\/WordPress\" target=\"_blank\">aqu\u00ed<\/a>.<\/p>\n","protected":false},"excerpt":{"rendered":"<p>WordPress es un software, gratis, de c\u00f3digo abierto, que puedes utilizar para crear sitios webs y blogs. Un poco de historia Comenz\u00f3 en el 2003 como un sitio web para crear y administrar blogs personales. Al ser un proyecto Open &hellip; <a href=\"https:\/\/caguas.wordcamp.org\/2011\/que-es-wordpress\/\">Continue reading <span class=\"screen-reader-text\">\u00bfQu\u00e9 es WordPress?<\/span>  <span class=\"meta-nav\">&rarr;<\/span><\/a><\/p>\n","protected":false},"author":7694169,"featured_media":0,"parent":0,"menu_order":5,"comment_status":"open","ping_status":"open","template":"","meta":{"jetpack_post_was_ever_published":false,"footnotes":""},"class_list":["post-2","page","type-page","status-publish","hentry"],"jetpack_shortlink":"https:\/\/wp.me\/P1wS4x-2","jetpack_sharing_enabled":true,"_links":{"self":[{"href":"https:\/\/caguas.wordcamp.org\/2011\/wp-json\/wp\/v2\/pages\/2","targetHints":{"allow":["GET"]}}],"collection":[{"href":"https:\/\/caguas.wordcamp.org\/2011\/wp-json\/wp\/v2\/pages"}],"about":[{"href":"https:\/\/caguas.wordcamp.org\/2011\/wp-json\/wp\/v2\/types\/page"}],"author":[{"embeddable":true,"href":"https:\/\/caguas.wordcamp.org\/2011\/wp-json\/wp\/v2\/users\/7694169"}],"replies":[{"embeddable":true,"href":"https:\/\/caguas.wordcamp.org\/2011\/wp-json\/wp\/v2\/comments?post=2"}],"version-history":[{"count":18,"href":"https:\/\/caguas.wordcamp.org\/2011\/wp-json\/wp\/v2\/pages\/2\/revisions"}],"predecessor-version":[{"id":28,"href":"https:\/\/caguas.wordcamp.org\/2011\/wp-json\/wp\/v2\/pages\/2\/revisions\/28"}],"wp:attachment":[{"href":"https:\/\/caguas.wordcamp.org\/2011\/wp-json\/wp\/v2\/media?parent=2"}],"curies":[{"name":"wp","href":"https:\/\/api.w.org\/{rel}","templated":true}]}}