{"id":258,"date":"2011-10-15T22:52:39","date_gmt":"2011-10-15T22:52:39","guid":{"rendered":"https:\/\/2011.caguas.wordcamp.org\/?page_id=258"},"modified":"2011-10-15T22:53:38","modified_gmt":"2011-10-15T22:53:38","slug":"administracion-de-contenido","status":"publish","type":"page","link":"https:\/\/caguas.wordcamp.org\/2011\/charlas\/administracion-de-contenido\/","title":{"rendered":"Administraci\u00f3n de contenido"},"content":{"rendered":"<p><strong>\u201cPimpea\u201d tu WordPress con <em>Plugins<\/em><\/strong><\/p>\n<p>Una de las razones principales por las que WordPress es una comunidad tan activa es por el f\u00e1cil acceso a diferentes herramientas que expanden las funcionalidades b\u00e1sicas de que ofrece la plataforma. Tambi\u00e9n conocidas como \u201cplugins\u201d,\u00a0 a la fecha, hay sobre 16,500 de estas herramientas gratuitas o de costo razonable, que pueden ayudarte por ejemplo, a colocar anuncios en tu blog, tener estad\u00edsticas de uso, integrar con redes sociales, manejar spam, incluir galer\u00edas, entre much\u00edsimas otras funciones adicionales. En esta charla, conocer\u00e1s a fondo qu\u00e9 son, c\u00f3mo funcionan, c\u00f3mo se instalan, actualizan, se manejan y se protegen de escasas, pero posibles vulnerabilidades de seguridad.\u00a0 Tambi\u00e9n te recomendaremos algunos que son muy \u00fatiles para una p\u00e1gina con contenido editorial.<br \/>\n<strong><br \/>\nSobre el facilitador: <\/strong><\/p>\n<p>Ernesto Amador est\u00e1 a cargo de la log\u00edstica t\u00e9cnica de la p\u00e1gina, el dise\u00f1o gr\u00e1fico, y la plataforma para administrar el contenido de <a href=\"http:\/\/miprv.com\/\" target=\"_blank\">Mi Puerto Rico Verde<\/a>, que por supuesto, corre en WordPress.\u00a0 Es un entusiasta en temas de dise\u00f1o y construcci\u00f3n. Estudi\u00f3 arquitectura en la UPR y en Cornell University,\u00a0 y\u00a0 labora en la pr\u00e1ctica privada. Adem\u00e1s, es profesor en la <a href=\"http:\/\/dise%c3%b1o.ut.pr\/\" target=\"_blank\">Escuela Internacional de Dise\u00f1o de la Universidad del Turabo<\/a>.<\/p>\n<p><strong>WordPress, SEO y SMO<\/strong><\/p>\n<p>La optimizaci\u00f3n de los sitios web es vital para destacarse ante los ojos de los cibernautas. Tambi\u00e9n conocidos como <em>Search Engine Optimization<\/em> y <em>Social Media Optimization<\/em>, son un conjunto de pr\u00e1cticas que componen un interesante proceso que envuelve la cuidadosa selecci\u00f3n de palabras claves, estilos particulares de escritura, selecci\u00f3n de enlaces, integraci\u00f3n de conectores sociales, creaci\u00f3n de <em>sitemaps<\/em> y ajustes a la programaci\u00f3n del sitio. WordPress ofrece una variedad de herramientas y\/o plugins que hacen estos procesos mucho m\u00e1s directos y amigables. \u00bfCu\u00e1les son los conceptos b\u00e1sicos de SEO, SMO y c\u00f3mo puedes implementarlos en tu WordPress?<\/p>\n<p><strong>Sobre la Facilitadora: <\/strong><br \/>\nCharo Henr\u00edquez- Scaia, es Editora de Multimedios y <em>Social Media Strategist<\/em> con m\u00e1s de 11 a\u00f1os de experiencia trabajando en las principales publicaciones de medios en Internet en Puerto Rico.<\/p>\n<p><strong>Seguridad, Privacidad y pol\u00edticas de uso en tu site de WordPress<\/strong><\/p>\n<p>WordPress es una herramienta tan flexible, que te permite tener sitios<br \/>\np\u00fablicos o privados e incluso otorgar diferentes niveles y permisos de<br \/>\nacceso a las personas que t\u00fa asignes para que te ayuden a administrarlo.<br \/>\n\u00bfC\u00f3mo adecuar tu blog para que tenga una clave de acceso exclusiva para las<br \/>\npersonas que tu decides invitar? \u00bfC\u00f3mo crear cuentas de usuarios<br \/>\nadministrativos que tengan diferentes permisos? \u00bfC\u00f3mo administrar los<br \/>\ncomentarios que recibes de los usuarios? En esta charla, tambi\u00e9n hablaremos<br \/>\nsobre la importancia de tener una pol\u00edtica de uso y manejo de los blogs,<br \/>\nsobre todo para los de que tratan temas educativos o profesionales.<\/p>\n<p><strong>Sobre el facilitador:<\/strong><\/p>\n<p>Gerardo T. Ortega Carrasquillo es consultor de sistemas, tecnolog\u00eda y<br \/>\nredes, y es profesor de computadoras en algunas instituciones universitarias<br \/>\nreconocidas de Puerto Rico. Trabaja con WordPress desde hace un a\u00f1o y ha<br \/>\nofrecido diversos talleres de blogs, herramientas de la Web 2.0, entre otras<br \/>\ntecnolog\u00edas emergentes. Tiene una maestr\u00eda en Auditor\u00eda de Sistemas de<br \/>\nInformaci\u00f3n de la Universidad del Sagrado Coraz\u00f3n. Tiene experiencia en el<br \/>\ncampo de sistemas y tiene certificaciones profesionales de Microsoft y<br \/>\nCompTIA en el \u00e1rea de redes y sistemas.<\/p>\n","protected":false},"excerpt":{"rendered":"<p>\u201cPimpea\u201d tu WordPress con Plugins Una de las razones principales por las que WordPress es una comunidad tan activa es por el f\u00e1cil acceso a diferentes herramientas que expanden las funcionalidades b\u00e1sicas de que ofrece la plataforma. Tambi\u00e9n conocidas como &hellip; <a href=\"https:\/\/caguas.wordcamp.org\/2011\/charlas\/administracion-de-contenido\/\">Continue reading <span class=\"screen-reader-text\">Administraci\u00f3n de contenido<\/span>  <span class=\"meta-nav\">&rarr;<\/span><\/a><\/p>\n","protected":false},"author":7694169,"featured_media":0,"parent":125,"menu_order":0,"comment_status":"open","ping_status":"open","template":"","meta":{"jetpack_post_was_ever_published":false,"footnotes":""},"class_list":["post-258","page","type-page","status-publish","hentry"],"jetpack_shortlink":"https:\/\/wp.me\/P1wS4x-4a","jetpack_sharing_enabled":true,"_links":{"self":[{"href":"https:\/\/caguas.wordcamp.org\/2011\/wp-json\/wp\/v2\/pages\/258","targetHints":{"allow":["GET"]}}],"collection":[{"href":"https:\/\/caguas.wordcamp.org\/2011\/wp-json\/wp\/v2\/pages"}],"about":[{"href":"https:\/\/caguas.wordcamp.org\/2011\/wp-json\/wp\/v2\/types\/page"}],"author":[{"embeddable":true,"href":"https:\/\/caguas.wordcamp.org\/2011\/wp-json\/wp\/v2\/users\/7694169"}],"replies":[{"embeddable":true,"href":"https:\/\/caguas.wordcamp.org\/2011\/wp-json\/wp\/v2\/comments?post=258"}],"version-history":[{"count":5,"href":"https:\/\/caguas.wordcamp.org\/2011\/wp-json\/wp\/v2\/pages\/258\/revisions"}],"predecessor-version":[{"id":263,"href":"https:\/\/caguas.wordcamp.org\/2011\/wp-json\/wp\/v2\/pages\/258\/revisions\/263"}],"up":[{"embeddable":true,"href":"https:\/\/caguas.wordcamp.org\/2011\/wp-json\/wp\/v2\/pages\/125"}],"wp:attachment":[{"href":"https:\/\/caguas.wordcamp.org\/2011\/wp-json\/wp\/v2\/media?parent=258"}],"curies":[{"name":"wp","href":"https:\/\/api.w.org\/{rel}","templated":true}]}}