{"id":9,"date":"2011-08-23T22:12:14","date_gmt":"2011-08-23T22:12:14","guid":{"rendered":"https:\/\/2011.caguas.wordcamp.org\/?page_id=9"},"modified":"2011-09-25T17:36:40","modified_gmt":"2011-09-25T17:36:40","slug":"%c2%bfque-es-un-wordcamp","status":"publish","type":"page","link":"https:\/\/caguas.wordcamp.org\/2011\/%c2%bfque-es-un-wordcamp\/","title":{"rendered":"\u00bfQu\u00e9 es un WordCamp?"},"content":{"rendered":"<h3>En palabras simples&#8230;<\/h3>\n<p><a href=\"https:\/\/2011.caguas.wordcamp.org\/files\/2011\/08\/homepage-wordcamp-denver.jpg\"><img loading=\"lazy\" decoding=\"async\" class=\"alignleft size-medium wp-image-18\" title=\"homepage-wordcamp-denver\" src=\"https:\/\/2011.caguas.wordcamp.org\/files\/2011\/08\/homepage-wordcamp-denver-300x103.jpg\" alt=\"\" width=\"300\" height=\"103\" srcset=\"https:\/\/caguas.wordcamp.org\/2011\/files\/2011\/08\/homepage-wordcamp-denver-300x103.jpg 300w, https:\/\/caguas.wordcamp.org\/2011\/files\/2011\/08\/homepage-wordcamp-denver.jpg 960w\" sizes=\"auto, (max-width: 300px) 100vw, 300px\" \/><\/a><a href=\"http:\/\/central.wordcamp.org\/\" target=\"_blank\">WordCamp<\/a> es una actividad en la cual se re\u00fanen, desde principiantes hasta profesionales y veteranos en tecnolog\u00eda, para discutir sobre todo lo relacionado con <a title=\"\u00bfQu\u00e9 es WordPress?\" href=\"https:\/\/2011.caguas.wordcamp.org\/sample-page\/\"><strong>WordPress<\/strong><\/a>, una de las plataformas de manejo de contenido l\u00edderes en el mundo, que cuenta con sobre 25 millones de usuarios en los 5 continentes.<\/p>\n<p>Estos eventos, son organizados alrededor del mundo, desde <a href=\"http:\/\/wp3.jp\/\" target=\"_blank\">Kobe<\/a>, a <a href=\"http:\/\/2011.lisboa.wordcamp.org\/\" target=\"_blank\">Lisboa<\/a> a <a href=\"http:\/\/2011.portland.wordcamp.org\/\" target=\"_blank\">Portland<\/a> por comunidades de usuarios que intercambian informaci\u00f3n, comparten su entusiasmo por la plataforma y asisten a charlas b\u00e1sicas, intermedias y avanzadas para evolucionar sus conocimientos sobre la plataforma. Para ser anfitri\u00f3n de estos eventos se requiere pasar por un riguroso proceso de cualificaci\u00f3n. Es la primera vez que se celebra en Puerto Rico.<\/p>\n<p>El primer <a href=\"http:wordcampcentral.org\" target=\"_blank\">WordCamp<\/a> se llev\u00f3 a cabo en San Francisco en 2006 y fue organizado por <a href=\"http:\/\/en.wikipedia.org\/wiki\/Matt_Mullenweg\" target=\"_blank\">Matt Mullenweg<\/a>, uno de los creadores de WordPress y la <a href=\"http:\/\/wordpressfoundation.org\/\" target=\"_blank\">fundaci\u00f3n<\/a> del mismo nombre que promueve democratizar la capacidad de publicaci\u00f3n por parte de individuos a trav\u00e9s de un Software de <a href=\"http:\/\/es.wikipedia.org\/wiki\/C\u00f3digo_abierto\" target=\"_blank\">c\u00f3digo abierto<\/a> y con licencia\u00a0 <a href=\"http:\/\/www.gnu.org\/copyleft\/gpl.html\">GPL<\/a>.<\/p>\n<p>Si quieres conocer m\u00e1s sobre los WordCamps, vista<a href=\"http:\/\/wordcampcentral.org\" target=\"_blank\"> http:\/\/wordcampcentral.org<\/a> y\/o el canal de WordCamp en <a href=\"http:\/\/wordpress.tv\/category\/wordcamptv\/\">WordPress.tv<\/a>.<\/p>\n<p>&nbsp;<\/p>\n","protected":false},"excerpt":{"rendered":"<p>En palabras simples&#8230; WordCamp es una actividad en la cual se re\u00fanen, desde principiantes hasta profesionales y veteranos en tecnolog\u00eda, para discutir sobre todo lo relacionado con WordPress, una de las plataformas de manejo de contenido l\u00edderes en el mundo, &hellip; <a href=\"https:\/\/caguas.wordcamp.org\/2011\/%c2%bfque-es-un-wordcamp\/\">Continue reading <span class=\"screen-reader-text\">\u00bfQu\u00e9 es un WordCamp?<\/span>  <span class=\"meta-nav\">&rarr;<\/span><\/a><\/p>\n","protected":false},"author":7694169,"featured_media":0,"parent":0,"menu_order":4,"comment_status":"open","ping_status":"open","template":"","meta":{"jetpack_post_was_ever_published":false,"footnotes":""},"class_list":["post-9","page","type-page","status-publish","hentry"],"jetpack_shortlink":"https:\/\/wp.me\/P1wS4x-9","jetpack_sharing_enabled":true,"_links":{"self":[{"href":"https:\/\/caguas.wordcamp.org\/2011\/wp-json\/wp\/v2\/pages\/9","targetHints":{"allow":["GET"]}}],"collection":[{"href":"https:\/\/caguas.wordcamp.org\/2011\/wp-json\/wp\/v2\/pages"}],"about":[{"href":"https:\/\/caguas.wordcamp.org\/2011\/wp-json\/wp\/v2\/types\/page"}],"author":[{"embeddable":true,"href":"https:\/\/caguas.wordcamp.org\/2011\/wp-json\/wp\/v2\/users\/7694169"}],"replies":[{"embeddable":true,"href":"https:\/\/caguas.wordcamp.org\/2011\/wp-json\/wp\/v2\/comments?post=9"}],"version-history":[{"count":17,"href":"https:\/\/caguas.wordcamp.org\/2011\/wp-json\/wp\/v2\/pages\/9\/revisions"}],"predecessor-version":[{"id":16,"href":"https:\/\/caguas.wordcamp.org\/2011\/wp-json\/wp\/v2\/pages\/9\/revisions\/16"}],"wp:attachment":[{"href":"https:\/\/caguas.wordcamp.org\/2011\/wp-json\/wp\/v2\/media?parent=9"}],"curies":[{"name":"wp","href":"https:\/\/api.w.org\/{rel}","templated":true}]}}